{"id":697,"date":"2023-11-27T12:08:55","date_gmt":"2023-11-27T11:08:55","guid":{"rendered":"https:\/\/www.astrid-sandweg.de\/?page_id=697"},"modified":"2026-01-06T19:53:28","modified_gmt":"2026-01-06T18:53:28","slug":"profil","status":"publish","type":"page","link":"https:\/\/www.astrid-sandweg.de\/en\/profil\/","title":{"rendered":"Profile"},"content":{"rendered":"[et_pb_section fb_built=&#8220;1&#8243; fullwidth=&#8220;on&#8220; admin_label=&#8220;Hero&#8220; _builder_version=&#8220;4.23.1&#8243; background_enable_color=&#8220;off&#8220; background_image=&#8220;https:\/\/www.astrid-sandweg.de\/wp-content\/uploads\/2023\/11\/Profil-Dr.-Sandweg.jpg&#8220; max_width_tablet=&#8220;&#8220; max_width_phone=&#8220;&#8220; max_width_last_edited=&#8220;on|desktop&#8220; height=&#8220;850px&#8220; height_tablet=&#8220;&#8220; height_phone=&#8220;&#8220; height_last_edited=&#8220;on|desktop&#8220; background_last_edited=&#8220;on|phone&#8220; background_image_phone=&#8220;https:\/\/www.astrid-sandweg.de\/wp-content\/uploads\/2023\/11\/Profil-Dr.-Sandweg-smartphone.jpg&#8220; background_enable_image_phone=&#8220;on&#8220; global_colors_info=&#8220;{}&#8220;][et_pb_fullwidth_header title=&#8220;Profil Dr. Astrid Sandweg&#8220; header_fullscreen=&#8220;on&#8220; content_max_width=&#8220;800%&#8220; _builder_version=&#8220;4.23.4&#8243; title_font=&#8220;Roboto|300||||on|||&#8220; title_text_color=&#8220;#FFFFFF&#8220; title_font_size=&#8220;60px&#8220; title_letter_spacing=&#8220;1px&#8220; title_line_height=&#8220;1.4em&#8220; content_font=&#8220;Roboto|500||on|||||&#8220; content_text_color=&#8220;#007EBA&#8220; content_font_size=&#8220;23px&#8220; subhead_font=&#8220;Roboto|500||on|||||&#8220; subhead_text_color=&#8220;#007EBA&#8220; subhead_font_size=&#8220;22px&#8220; subhead_line_height=&#8220;1.5em&#8220; background_enable_color=&#8220;off&#8220; custom_button_one=&#8220;on&#8220; button_one_text_size=&#8220;16px&#8220; button_one_text_color=&#8220;#666666&#8243; button_one_bg_color=&#8220;#ffffff&#8220; button_one_border_width=&#8220;12px&#8220; button_one_border_color=&#8220;rgba(210,159,104,0)&#8220; button_one_border_radius=&#8220;100px&#8220; button_one_font=&#8220;Open Sans|500|||||||&#8220; button_one_use_icon=&#8220;off&#8220; custom_button_two=&#8220;on&#8220; button_two_text_size=&#8220;16px&#8220; button_two_text_color=&#8220;#FFFFFF&#8220; button_two_bg_color=&#8220;#666666&#8243; button_two_border_width=&#8220;10px&#8220; button_two_border_color=&#8220;rgba(210,159,104,0)&#8220; button_two_border_radius=&#8220;100px&#8220; button_two_font=&#8220;Open Sans|600|||||||&#8220; button_two_use_icon=&#8220;off&#8220; min_height=&#8220;708px&#8220; custom_margin=&#8220;||5px|||&#8220; custom_padding=&#8220;9vw||34vw||false|&#8220; custom_padding_tablet=&#8220;30vw||30vw||true|&#8220; custom_padding_phone=&#8220;20vw||20vw||true&#8220; custom_padding_last_edited=&#8220;on|desktop&#8220; title_font_size_tablet=&#8220;50px&#8220; title_font_size_phone=&#8220;32px&#8220; title_font_size_last_edited=&#8220;on|tablet&#8220; button_one_text_color_hover=&#8220;#3550a0&#8243; button_two_text_color_hover=&#8220;#ffffff&#8220; button_one_bg_color_hover=&#8220;rgba(255,255,255,0.8)&#8220; button_two_bg_color_hover=&#8220;rgba(255,255,255,0.3)&#8220; global_colors_info=&#8220;{}&#8220; button_one_text_size__hover_enabled=&#8220;off&#8220; button_two_text_size__hover_enabled=&#8220;off&#8220; button_one_text_color__hover_enabled=&#8220;on&#8220; button_one_text_color__hover=&#8220;#007EBA&#8220; button_two_text_color__hover_enabled=&#8220;on&#8220; button_two_text_color__hover=&#8220;#007EBA&#8220; button_one_border_width__hover_enabled=&#8220;off&#8220; button_two_border_width__hover_enabled=&#8220;off&#8220; button_one_border_color__hover_enabled=&#8220;off&#8220; button_two_border_color__hover_enabled=&#8220;off&#8220; button_one_border_radius__hover_enabled=&#8220;off&#8220; button_two_border_radius__hover_enabled=&#8220;off&#8220; button_one_letter_spacing__hover_enabled=&#8220;off&#8220; button_two_letter_spacing__hover_enabled=&#8220;off&#8220; button_one_bg_color__hover_enabled=&#8220;on|hover&#8220; button_one_bg_color__hover=&#8220;rgba(255,255,255,0.8)&#8220; button_two_bg_color__hover_enabled=&#8220;on|hover&#8220; button_two_bg_color__hover=&#8220;rgba(255,255,255,0.3)&#8220;][\/et_pb_fullwidth_header][\/et_pb_section][et_pb_section fb_built=&#8220;1&#8243; _builder_version=&#8220;4.20.4&#8243; _module_preset=&#8220;default&#8220; global_colors_info=&#8220;{}&#8220;][et_pb_row _builder_version=&#8220;4.20.4&#8243; _module_preset=&#8220;default&#8220; global_colors_info=&#8220;{}&#8220;][et_pb_column type=&#8220;4_4&#8243; _builder_version=&#8220;4.20.4&#8243; _module_preset=&#8220;default&#8220; global_colors_info=&#8220;{}&#8220;][et_pb_text _builder_version=&#8220;4.23.4&#8243; _module_preset=&#8220;default&#8220; header_font=&#8220;||||||||&#8220; header_2_font=&#8220;|300||||on|||&#8220; header_2_text_color=&#8220;#666666&#8243; header_2_font_size=&#8220;43px&#8220; header_2_line_height=&#8220;1.5em&#8220; header_3_font=&#8220;|||on|||||&#8220; header_3_text_align=&#8220;center&#8220; header_3_text_color=&#8220;#007EBA&#8220; text_orientation=&#8220;center&#8220; header_2_font_tablet=&#8220;|300||||on|||&#8220; header_2_font_phone=&#8220;|300||||on|||&#8220; header_2_font_last_edited=&#8220;on|phone&#8220; header_2_font_size_tablet=&#8220;30px&#8220; header_2_font_size_phone=&#8220;24px&#8220; header_2_font_size_last_edited=&#8220;on|desktop&#8220; global_colors_info=&#8220;{}&#8220;]\n<h2 style=\"text-align: center;\">Dr. Astrid Sandweg im Profil<\/h2>\n<p data-path-to-node=\"4\">I accompany executive leaders, management teams, and boards in situations where complexity is increasing and where resilient decisions emerge primarily through conscious pausing and precise reflection.<\/p>\n<p data-path-to-node=\"5\">My work is based on over 30 years of experience in international leadership and management contexts, as well as my conviction that true orientation is achieved not through acceleration, but through clarity of thought.<\/p>\n<p data-path-to-node=\"6\">In my coaching, I create a space where tensions can be held, perspectives integrated, and mental order restored \u2013 both physically and mentally. My clients value not only my analytical clarity but also a fine sensorium for those dynamics operating beneath the surface.<\/p>\n<p data-path-to-node=\"7\">This is not a fixed recipe, but a process that generates clarity and strengthens decisiveness \u2013 for you as an individual as well as for the entire system you lead.<\/p>\n<p data-path-to-node=\"8\">I work both in person and online \u2013 wherever this space can be most effectively cultivated.<\/p>\n[\/et_pb_text][\/et_pb_column][\/et_pb_row][\/et_pb_section][et_pb_section fb_built=&#8220;1&#8243; admin_label=&#8220;Split Section&#8220; _builder_version=&#8220;4.23.1&#8243; custom_padding=&#8220;0px||0px|&#8220; animation_style=&#8220;fold&#8220; animation_direction=&#8220;bottom&#8220; animation_intensity_fold=&#8220;4%&#8220; border_width_top=&#8220;1px&#8220; border_color_top=&#8220;#6CC3B9&#8243; border_width_bottom=&#8220;1px&#8220; border_color_bottom=&#8220;#6CC3B9&#8243; global_colors_info=&#8220;{}&#8220;][et_pb_row column_structure=&#8220;1_3,1_3,1_3&#8243; use_custom_gutter=&#8220;on&#8220; gutter_width=&#8220;1&#8243; make_equal=&#8220;on&#8220; module_class=&#8220; et_pb_row_fullwidth&#8220; _builder_version=&#8220;4.23.1&#8243; background_size=&#8220;initial&#8220; background_position=&#8220;top_left&#8220; background_repeat=&#8220;repeat&#8220; width=&#8220;100%&#8220; width_tablet=&#8220;100%&#8220; width_phone=&#8220;&#8220; width_last_edited=&#8220;on|desktop&#8220; max_width=&#8220;100%&#8220; max_width_tablet=&#8220;100%&#8220; max_width_phone=&#8220;&#8220; max_width_last_edited=&#8220;on|desktop&#8220; custom_margin=&#8220;0px||0px|&#8220; custom_padding=&#8220;0px||0px|&#8220; border_color_top=&#8220;#045F95&#8243; make_fullwidth=&#8220;on&#8220; global_colors_info=&#8220;{}&#8220;][et_pb_column type=&#8220;1_3&#8243; _builder_version=&#8220;4.23.1&#8243; background_color=&#8220;#6CC3B9&#8243; background_position=&#8220;top_left&#8220; custom_padding=&#8220;8%|6%|8%|6%&#8220; global_colors_info=&#8220;{}&#8220; custom_padding__hover=&#8220;|||&#8220;][et_pb_cta title=&#8220;Was mich inspiriert&#8220; button_url=&#8220;#&#8220; admin_label=&#8220;Feature 01&#8243; _builder_version=&#8220;4.23.4&#8243; header_font=&#8220;Roboto|300||||on|||&#8220; header_text_color=&#8220;#FFFFFF&#8220; header_font_size=&#8220;36&#8243; header_line_height=&#8220;1.4em&#8220; body_text_color=&#8220;#FFFFFF&#8220; body_font_size=&#8220;16&#8243; body_line_height=&#8220;1.9em&#8220; use_background_color=&#8220;off&#8220; custom_button=&#8220;on&#8220; button_text_size=&#8220;18&#8243; button_text_color=&#8220;#ffffff&#8220; button_bg_color=&#8220;#6eba01&#8243; button_border_color=&#8220;#6eba01&#8243; button_border_radius=&#8220;0&#8243; button_letter_spacing=&#8220;2&#8243; button_font=&#8220;Montserrat|||on|&#8220; button_use_icon=&#8220;off&#8220; text_orientation=&#8220;left&#8220; background_layout=&#8220;light&#8220; max_width=&#8220;800%&#8220; module_alignment=&#8220;left&#8220; custom_margin=&#8220;|||&#8220; custom_padding=&#8220;|||&#8220; animation_style=&#8220;fold&#8220; animation_direction=&#8220;bottom&#8220; animation_intensity_fold=&#8220;15%&#8220; header_font_tablet=&#8220;Roboto|300||||on|||&#8220; header_font_phone=&#8220;Roboto|300||||on|||&#8220; header_font_last_edited=&#8220;on|desktop&#8220; header_font_size_tablet=&#8220;30px&#8220; header_font_size_phone=&#8220;24px&#8220; header_font_size_last_edited=&#8220;on|phone&#8220; button_text_color_hover=&#8220;#6eba01&#8243; button_border_color_hover=&#8220;#6eba01&#8243; button_border_radius_hover=&#8220;0&#8243; button_letter_spacing_hover=&#8220;2&#8243; button_bg_color_hover=&#8220;rgba(0,0,0,0)&#8220; saved_tabs=&#8220;all&#8220; locked=&#8220;off&#8220; global_colors_info=&#8220;{}&#8220; button_text_size__hover_enabled=&#8220;off&#8220; button_one_text_size__hover_enabled=&#8220;off&#8220; button_two_text_size__hover_enabled=&#8220;off&#8220; button_text_color__hover_enabled=&#8220;on&#8220; button_text_color__hover=&#8220;#6eba01&#8243; button_one_text_color__hover_enabled=&#8220;off&#8220; button_two_text_color__hover_enabled=&#8220;off&#8220; button_border_width__hover_enabled=&#8220;off&#8220; button_one_border_width__hover_enabled=&#8220;off&#8220; button_two_border_width__hover_enabled=&#8220;off&#8220; button_border_color__hover_enabled=&#8220;on&#8220; button_border_color__hover=&#8220;#6eba01&#8243; button_one_border_color__hover_enabled=&#8220;off&#8220; button_two_border_color__hover_enabled=&#8220;off&#8220; button_border_radius__hover_enabled=&#8220;on&#8220; button_border_radius__hover=&#8220;0&#8243; button_one_border_radius__hover_enabled=&#8220;off&#8220; button_two_border_radius__hover_enabled=&#8220;off&#8220; button_letter_spacing__hover_enabled=&#8220;on&#8220; button_letter_spacing__hover=&#8220;2&#8243; button_one_letter_spacing__hover_enabled=&#8220;off&#8220; button_two_letter_spacing__hover_enabled=&#8220;off&#8220; button_bg_color__hover_enabled=&#8220;on&#8220; button_bg_color__hover=&#8220;rgba(0,0,0,0)&#8220; button_one_bg_color__hover_enabled=&#8220;off&#8220; button_two_bg_color__hover_enabled=&#8220;off&#8220;]\n<p class=\" translation-block\">\"The secret of change is to focus all your energy not on fighting the old, but on building the new.\" <em>Sokrates<\/em><\/p>\n<p class=\" translation-block\">\"Everything that counts cannot always be counted, and not everything that can be counted counts.\" <em>Albert Einstein<\/em><\/p>\n<p class=\" translation-block\">\"The true voyage of discovery consists not in seeking new landscapes, but in seeing with new eyes.\" <em> Marcel Proust<\/em><\/p>\n<p>\"Give every day the chance to be the best day of your life.\"<em> Mark Twain<\/em><\/p>\n<p class=\" translation-block\">\"True freedom is the ability to be without identification.\" <em> Jean Klein<br><\/em><\/p>\n<p class=\" translation-block\">\"The source of all joy lies in the present moment. Just be still and see what remains.\" <em>Francis Lucille<br><\/em><\/p>\n<p><em><\/em><\/p>\n<p><em><\/em><\/p>\n<p>&nbsp;<\/p>\n[\/et_pb_cta][\/et_pb_column][et_pb_column type=&#8220;1_3&#8243; _builder_version=&#8220;4.20.4&#8243; background_enable_color=&#8220;off&#8220; background_position=&#8220;top_left&#8220; custom_padding=&#8220;8%|6%|8%|6%&#8220; global_colors_info=&#8220;{}&#8220; custom_padding__hover=&#8220;|||&#8220;][et_pb_cta title=&#8220;Berufserfahrung&#8220; button_url=&#8220;#&#8220; admin_label=&#8220;Feature 01&#8243; _builder_version=&#8220;4.23.4&#8243; header_font=&#8220;|300||||on|||&#8220; header_text_color=&#8220;#666666&#8243; header_font_size=&#8220;34px&#8220; header_line_height=&#8220;1.4em&#8220; body_text_color=&#8220;#666666&#8243; body_font_size=&#8220;16&#8243; body_line_height=&#8220;1.9em&#8220; use_background_color=&#8220;off&#8220; custom_button=&#8220;on&#8220; button_text_size=&#8220;18&#8243; button_text_color=&#8220;#ffffff&#8220; button_bg_color=&#8220;#6eba01&#8243; button_border_color=&#8220;#6eba01&#8243; button_border_radius=&#8220;0&#8243; button_letter_spacing=&#8220;2&#8243; button_font=&#8220;Montserrat|||on|&#8220; button_use_icon=&#8220;off&#8220; text_orientation=&#8220;left&#8220; background_layout=&#8220;light&#8220; max_width=&#8220;800%&#8220; module_alignment=&#8220;left&#8220; custom_margin=&#8220;|||&#8220; custom_padding=&#8220;|||&#8220; animation_style=&#8220;fold&#8220; animation_direction=&#8220;bottom&#8220; animation_intensity_fold=&#8220;15%&#8220; header_text_color_tablet=&#8220;#1f1f1f&#8220; header_text_color_phone=&#8220;#1f1f1f&#8220; header_text_color_last_edited=&#8220;on|tablet&#8220; header_font_size_tablet=&#8220;30px&#8220; header_font_size_phone=&#8220;24px&#8220; header_font_size_last_edited=&#8220;on|phone&#8220; button_text_color_hover=&#8220;#6eba01&#8243; button_border_color_hover=&#8220;#6eba01&#8243; button_border_radius_hover=&#8220;0&#8243; button_letter_spacing_hover=&#8220;2&#8243; button_bg_color_hover=&#8220;rgba(0,0,0,0)&#8220; saved_tabs=&#8220;all&#8220; locked=&#8220;off&#8220; global_colors_info=&#8220;{}&#8220; button_text_size__hover_enabled=&#8220;off&#8220; button_one_text_size__hover_enabled=&#8220;off&#8220; button_two_text_size__hover_enabled=&#8220;off&#8220; button_text_color__hover_enabled=&#8220;on&#8220; button_text_color__hover=&#8220;#6eba01&#8243; button_one_text_color__hover_enabled=&#8220;off&#8220; button_two_text_color__hover_enabled=&#8220;off&#8220; button_border_width__hover_enabled=&#8220;off&#8220; button_one_border_width__hover_enabled=&#8220;off&#8220; button_two_border_width__hover_enabled=&#8220;off&#8220; button_border_color__hover_enabled=&#8220;on&#8220; button_border_color__hover=&#8220;#6eba01&#8243; button_one_border_color__hover_enabled=&#8220;off&#8220; button_two_border_color__hover_enabled=&#8220;off&#8220; button_border_radius__hover_enabled=&#8220;on&#8220; button_border_radius__hover=&#8220;0&#8243; button_one_border_radius__hover_enabled=&#8220;off&#8220; button_two_border_radius__hover_enabled=&#8220;off&#8220; button_letter_spacing__hover_enabled=&#8220;on&#8220; button_letter_spacing__hover=&#8220;2&#8243; button_one_letter_spacing__hover_enabled=&#8220;off&#8220; button_two_letter_spacing__hover_enabled=&#8220;off&#8220; button_bg_color__hover_enabled=&#8220;on&#8220; button_bg_color__hover=&#8220;rgba(0,0,0,0)&#8220; button_one_bg_color__hover_enabled=&#8220;off&#8220; button_two_bg_color__hover_enabled=&#8220;off&#8220;]\n<ul>\n<li>Research and teaching at Helmut Schmidt University Hamburg<\/li>\n<li>Many years of international leadership and management experience in the telecommunications industry in the areas of\n<ul>\n<li>development (software engineering, telecommunications)<\/li>\n<li>quality management, change processes<\/li>\n<li>intercultural team development, development of junior managers<\/li>\n<li>business development and strategic marketing<\/li>\n<li>global sales and forecast processes<\/li>\n<li>sales of complex services and products<\/li>\n<\/ul>\n<\/li>\n<li>Since 2008\n<ul>\n<li>Organisational consulting for international corporations and SMEs<\/li>\n<li>Industries, among others:\n<ul>\n<li>automotive, mechanical engineering,<\/li>\n<li>aerospace,<\/li>\n<li>energy industry,<\/li>\n<li>chemical industry,<\/li>\n<li>IT, telecommunication,<\/li>\n<li>media and publishing,<\/li>\n<li>banks, financial services and insurance.<\/li>\n<\/ul>\n<\/li>\n<li>Coaching of board members, managing directors, 1st and 2nd level executives, high potentials.<\/li>\n<\/ul>\n<\/li>\n<\/ul>\n[\/et_pb_cta][\/et_pb_column][et_pb_column type=&#8220;1_3&#8243; _builder_version=&#8220;4.23.1&#8243; background_color=&#8220;#6CC3B9&#8243; background_position=&#8220;top_left&#8220; custom_padding=&#8220;8%|6%|8%|6%&#8220; global_colors_info=&#8220;{}&#8220; custom_padding__hover=&#8220;|||&#8220;][et_pb_cta title=&#8220;Aus\u2013 und Weiterbildungen&#8220; button_url=&#8220;#&#8220; admin_label=&#8220;Feature 01&#8243; _builder_version=&#8220;4.23.4&#8243; header_font=&#8220;Roboto|300||||on|||&#8220; header_text_color=&#8220;#FFFFFF&#8220; header_font_size=&#8220;36&#8243; header_line_height=&#8220;1.4em&#8220; body_text_color=&#8220;#FFFFFF&#8220; body_font_size=&#8220;16&#8243; body_line_height=&#8220;1.9em&#8220; use_background_color=&#8220;off&#8220; custom_button=&#8220;on&#8220; button_text_size=&#8220;18&#8243; button_text_color=&#8220;#ffffff&#8220; button_bg_color=&#8220;#6eba01&#8243; button_border_color=&#8220;#6eba01&#8243; button_border_radius=&#8220;0&#8243; button_letter_spacing=&#8220;2&#8243; button_font=&#8220;Montserrat|||on|&#8220; button_use_icon=&#8220;off&#8220; text_orientation=&#8220;left&#8220; background_layout=&#8220;light&#8220; max_width=&#8220;800%&#8220; module_alignment=&#8220;left&#8220; custom_margin=&#8220;|||&#8220; custom_padding=&#8220;|||&#8220; animation_style=&#8220;fold&#8220; animation_direction=&#8220;bottom&#8220; animation_intensity_fold=&#8220;15%&#8220; header_font_tablet=&#8220;Roboto|300||||on|||&#8220; header_font_phone=&#8220;Roboto|300||||on|||&#8220; header_font_last_edited=&#8220;on|desktop&#8220; header_font_size_tablet=&#8220;30px&#8220; header_font_size_phone=&#8220;24px&#8220; header_font_size_last_edited=&#8220;on|phone&#8220; button_text_color_hover=&#8220;#6eba01&#8243; button_border_color_hover=&#8220;#6eba01&#8243; button_border_radius_hover=&#8220;0&#8243; button_letter_spacing_hover=&#8220;2&#8243; button_bg_color_hover=&#8220;rgba(0,0,0,0)&#8220; saved_tabs=&#8220;all&#8220; locked=&#8220;off&#8220; global_colors_info=&#8220;{}&#8220; button_text_size__hover_enabled=&#8220;off&#8220; button_one_text_size__hover_enabled=&#8220;off&#8220; button_two_text_size__hover_enabled=&#8220;off&#8220; button_text_color__hover_enabled=&#8220;on&#8220; button_text_color__hover=&#8220;#6eba01&#8243; button_one_text_color__hover_enabled=&#8220;off&#8220; button_two_text_color__hover_enabled=&#8220;off&#8220; button_border_width__hover_enabled=&#8220;off&#8220; button_one_border_width__hover_enabled=&#8220;off&#8220; button_two_border_width__hover_enabled=&#8220;off&#8220; button_border_color__hover_enabled=&#8220;on&#8220; button_border_color__hover=&#8220;#6eba01&#8243; button_one_border_color__hover_enabled=&#8220;off&#8220; button_two_border_color__hover_enabled=&#8220;off&#8220; button_border_radius__hover_enabled=&#8220;on&#8220; button_border_radius__hover=&#8220;0&#8243; button_one_border_radius__hover_enabled=&#8220;off&#8220; button_two_border_radius__hover_enabled=&#8220;off&#8220; button_letter_spacing__hover_enabled=&#8220;on&#8220; button_letter_spacing__hover=&#8220;2&#8243; button_one_letter_spacing__hover_enabled=&#8220;off&#8220; button_two_letter_spacing__hover_enabled=&#8220;off&#8220; button_bg_color__hover_enabled=&#8220;on&#8220; button_bg_color__hover=&#8220;rgba(0,0,0,0)&#8220; button_one_bg_color__hover_enabled=&#8220;off&#8220; button_two_bg_color__hover_enabled=&#8220;off&#8220;]\n<ul>\n<li>Electrical engineering at the University of Karlsruhe (Dipl.-Ing.)<\/li>\n<li>Doctorate (Dr.-Ing.) at the Helmut Schmidt University Hamburg<\/li>\n<li>Business administration at the International Institute of Management in Telecommunications, Universit\u00e9 de Fribourg<\/li>\n<li>Numerous further training courses on the topics of conflict management\/mediation, leadership development, systemic constellation work, transactional analysis<\/li>\n<li>NLP Practitioner, NLP Master (DVNLP)<\/li>\n<li>Systemic Business Coach (<a href=\"https:\/\/www.dvct.de\/coachs\/coach-profile\/astrid-sandweg\" target=\"_blank\" rel=\"noopener noreferrer\">dvct<\/a>-certified)<\/li>\n<li>Systemic Group Dynamics (K\u00f6nigswieser)<\/li>\n<li>Certified MSA\u00ae consultant<\/li>\n<li>Certified consultant for strategic organisational development and change management<\/li>\n<li>Certified systemic autonomy trainer (systemic self-integration according to Dr. Ero Langlotz)<\/li>\n<\/ul>\n[\/et_pb_cta][\/et_pb_column][\/et_pb_row][\/et_pb_section][et_pb_section fb_built=&#8220;1&#8243; _builder_version=&#8220;4.20.4&#8243; _module_preset=&#8220;default&#8220; global_colors_info=&#8220;{}&#8220;][et_pb_row _builder_version=&#8220;4.20.4&#8243; _module_preset=&#8220;default&#8220; global_colors_info=&#8220;{}&#8220;][et_pb_column type=&#8220;4_4&#8243; _builder_version=&#8220;4.20.4&#8243; _module_preset=&#8220;default&#8220; global_colors_info=&#8220;{}&#8220;][et_pb_text _builder_version=&#8220;4.23.4&#8243; _module_preset=&#8220;default&#8220; header_font=&#8220;||||||||&#8220; header_2_font=&#8220;|300||||on|||&#8220; header_2_text_color=&#8220;#666666&#8243; header_2_font_size=&#8220;43px&#8220; header_2_line_height=&#8220;1.5em&#8220; header_3_font=&#8220;|||on|||||&#8220; header_3_text_align=&#8220;center&#8220; header_3_text_color=&#8220;#007EBA&#8220; text_orientation=&#8220;center&#8220; header_2_font_tablet=&#8220;|300||||on|||&#8220; header_2_font_phone=&#8220;|300||||on|||&#8220; header_2_font_last_edited=&#8220;on|phone&#8220; header_2_font_size_tablet=&#8220;30px&#8220; header_2_font_size_phone=&#8220;24px&#8220; header_2_font_size_last_edited=&#8220;on|desktop&#8220; global_colors_info=&#8220;{}&#8220;]\n<h2 style=\"text-align: center;\">Collaborations<\/h2>\n<p>Teaching trainer in the training courses \"Systemic Organisational Development \/ Change Management (SHB)\" and \"Systemic Business Coach (SHB)\" at <a href=\"https:\/\/www.kroeberkom.de\/\" target=\"_blank\" rel=\"noopener\">KR\u00d6BER Kommunikation<\/a> (Steinbeis Transfer Institute Consultancy, Training and Coaching at the Steinbeis University Berlin (SHB))<\/p>\n[\/et_pb_text][\/et_pb_column][\/et_pb_row][\/et_pb_section]","protected":false},"excerpt":{"rendered":"<p>Dr. Astrid Sandweg im Profil Ich begleite F\u00fchrungspers\u00f6nlichkeiten, F\u00fchrungsteams und Gremien in Situationen, in denen Komplexit\u00e4t zunimmt und tragf\u00e4hige Entscheidungen vor allem durch bewusstes Innehalten und pr\u00e4zise Reflexion entstehen. Meine Arbeit beruht auf \u00fcber 30 Jahren Erfahrung in internationalen F\u00fchrungs- und Managementkontexten sowie meiner \u00dcberzeugung, dass echte Orientierung nicht durch Beschleunigung, sondern durch Klarheit im [&hellip;]<\/p>","protected":false},"author":1,"featured_media":0,"parent":0,"menu_order":0,"comment_status":"closed","ping_status":"closed","template":"","meta":{"_et_pb_use_builder":"on","_et_pb_old_content":"<!-- wp:paragraph -->\r\n<p>Dies ist eine Beispiel-Seite. Sie unterscheidet sich von Beitr\u00e4gen, da sie stets an derselben Stelle bleibt und (bei den meisten Themes) in der Website-Navigation angezeigt wird. Die meisten starten mit einem Impressum, der Datenschutzerkl\u00e4rung oder einer \u201e\u00dcber\u00a0uns\u201c-Seite, um sich potenziellen Besuchern der Website vorzustellen. Dort k\u00f6nnte zum Beispiel stehen:<\/p>\r\n<!-- \/wp:paragraph --><!-- wp:quote -->\r\n<blockquote class=\"wp-block-quote\">\r\n<p>Hallo! Tags\u00fcber arbeite ich als Fahrradkurier, nachts bin ich ein aufstrebender Schauspieler und dies hier ist meine Website. Ich lebe in Berlin, habe einen gro\u00dfen Hund namens Jack, mag Pi\u00f1a Coladas, jedoch weniger (ohne Schirm) im Regen stehen gelassen zu werden.<\/p>\r\n<\/blockquote>\r\n<!-- \/wp:quote --><!-- wp:paragraph -->\r\n<p>...\u00a0oder so etwas wie:<\/p>\r\n<!-- \/wp:paragraph --><!-- wp:quote -->\r\n<blockquote class=\"wp-block-quote\">\r\n<p>Das Unternehmen XYZ wurde 1971 gegr\u00fcndet und versorgt die \u00d6ffentlichkeit seither mit qualitativ hochwertigen Produkten. An seinem Standort in einer kleinen Gro\u00dfstadt besch\u00e4ftigt der Betrieb \u00fcber 2.000 Menschen und unterst\u00fctzt die Stadtbewohner in vielfacher Hinsicht.<\/p>\r\n<\/blockquote>\r\n<!-- \/wp:quote --><!-- wp:paragraph -->\r\n<p>Als neuer WordPress-Benutzer solltest du <a href=\"https:\/\/www.astrid-sandweg.de\/wp-admin\/\">dein Dashboard<\/a> aufrufen, um diese Seite zu l\u00f6schen und neue Seiten und Beitr\u00e4ge f\u00fcr deine Website erstellen. Viel Spa\u00df!<\/p>\r\n<!-- \/wp:paragraph -->","_et_gb_content_width":"","footnotes":""},"class_list":["post-697","page","type-page","status-publish","hentry"],"_links":{"self":[{"href":"https:\/\/www.astrid-sandweg.de\/en\/wp-json\/wp\/v2\/pages\/697","targetHints":{"allow":["GET"]}}],"collection":[{"href":"https:\/\/www.astrid-sandweg.de\/en\/wp-json\/wp\/v2\/pages"}],"about":[{"href":"https:\/\/www.astrid-sandweg.de\/en\/wp-json\/wp\/v2\/types\/page"}],"author":[{"embeddable":true,"href":"https:\/\/www.astrid-sandweg.de\/en\/wp-json\/wp\/v2\/users\/1"}],"replies":[{"embeddable":true,"href":"https:\/\/www.astrid-sandweg.de\/en\/wp-json\/wp\/v2\/comments?post=697"}],"version-history":[{"count":54,"href":"https:\/\/www.astrid-sandweg.de\/en\/wp-json\/wp\/v2\/pages\/697\/revisions"}],"predecessor-version":[{"id":1168,"href":"https:\/\/www.astrid-sandweg.de\/en\/wp-json\/wp\/v2\/pages\/697\/revisions\/1168"}],"wp:attachment":[{"href":"https:\/\/www.astrid-sandweg.de\/en\/wp-json\/wp\/v2\/media?parent=697"}],"curies":[{"name":"wp","href":"https:\/\/api.w.org\/{rel}","templated":true}]}}